{"id":1275,"date":"2021-05-12T05:15:54","date_gmt":"2021-05-12T05:15:54","guid":{"rendered":"https:\/\/nevelo-qualityvillas.com\/?page_id=1275"},"modified":"2024-11-06T17:00:32","modified_gmt":"2024-11-06T17:00:32","slug":"fasiliteter","status":"publish","type":"page","link":"https:\/\/nevelo-qualityvillas.com\/?page_id=1275&lang=nb","title":{"rendered":"Fasiliteter"},"content":{"rendered":"\n<div class=\"wp-block-uagb-container uagb-block-3224cb11 alignfull uagb-is-root-container\"><div class=\"uagb-container-inner-blocks-wrap\">\n<div class=\"wp-block-uagb-advanced-heading uagb-block-448fa18e\"><h1 class=\"uagb-heading-text\">Fasiliteter<\/h1><p class=\"uagb-desc-text\">Vi gir deg ikke bare en villa \u00e5 bo i. Vi gir deg et milj\u00f8 slik at du kan oppleve det beste mens du er p\u00e5 ferie hos oss. G\u00e5 inn i villaene v\u00e5re og nyt en forfriskende og foryngende tid.<\/p><\/div>\n<\/div><\/div>\n\n\n\n<div class=\"wp-block-uagb-advanced-heading uagb-block-ee878626\"><h2 class=\"uagb-heading-text\">Fasiliteter<\/h2><\/div>\n\n\n\n<ul class=\"wp-block-list\">\n<li>Velkomstpakke<\/li>\n\n\n\n<li>Parkering<\/li>\n\n\n\n<li>BBQ<\/li>\n\n\n\n<li>Sv\u00f8mmebasseng<\/li>\n\n\n\n<li>Air Condition<\/li>\n\n\n\n<li>TV p\u00e5 alle rom<\/li>\n\n\n\n<li>Wifi &#8211; internett<\/li>\n\n\n\n<li>Sikkerhetsskap<\/li>\n\n\n\n<li>Strykejern og strykebrett<\/li>\n\n\n\n<li>Vaskemaskin<\/li>\n\n\n\n<li>Senget\u00f8y f\u00f8lger med<\/li>\n\n\n\n<li>H\u00e5ndkl\u00e6r f\u00f8lger med<\/li>\n\n\n\n<li>Bassengh\u00e5ndkl\u00e6r f\u00f8lger med<\/li>\n<\/ul>\n\n\n\n<h2 class=\"wp-block-heading\">Baderom:<\/h2>\n\n\n\n<ul class=\"wp-block-list\">\n<li>S\u00e5pe<\/li>\n\n\n\n<li>Dusjs\u00e5pe<\/li>\n\n\n\n<li>Sjampo<\/li>\n\n\n\n<li>H\u00e5rf\u00f8ner<\/li>\n\n\n\n<li>Forst\u00f8rrelsesspeil<\/li>\n<\/ul>\n\n\n\n<h2 class=\"wp-block-heading\">Kj\u00f8kken:<\/h2>\n\n\n\n<ul class=\"wp-block-list\">\n<li>Fullt utstyrt kj\u00f8kken<\/li>\n\n\n\n<li>Kombiskap<\/li>\n\n\n\n<li>Komfyr<\/li>\n\n\n\n<li>Ovn<\/li>\n\n\n\n<li>Mikrob\u00f8lgeovn<\/li>\n\n\n\n<li>Oppvaskmaskin<\/li>\n\n\n\n<li>Br\u00f8drister<\/li>\n\n\n\n<li>Panini br\u00f8drister<\/li>\n\n\n\n<li>Kaffemaskin<\/li>\n\n\n\n<li>Vannkoker<\/li>\n\n\n\n<li>Eggkoker<\/li>\n\n\n\n<li>Spisebord \u2013 8 stoler<\/li>\n<\/ul>\n\n\n\n<h2 class=\"wp-block-heading\">Utend\u00f8rs fasiliteter:<\/h2>\n\n\n\n<ul class=\"wp-block-list\">\n<li>Sv\u00f8mmebasseng<\/li>\n\n\n\n<li>Solsenger<\/li>\n\n\n\n<li>Parasoller<\/li>\n\n\n\n<li>Terrasse<\/li>\n\n\n\n<li>Hage<\/li>\n\n\n\n<li>BBQ<\/li>\n\n\n\n<li>Utend\u00f8rs sofa<\/li>\n\n\n\n<li>Utend\u00f8rs bord og stoler<\/li>\n\n\n\n<li>Utend\u00f8rsm\u00f8bler<\/li>\n\n\n\n<li>Utend\u00f8rs dusj<\/li>\n\n\n\n<li>Veranda med havutsikt<\/li>\n<\/ul>\n\n\n\n<div class=\"wp-block-uagb-container uagb-block-2455bd8d alignfull uagb-is-root-container\"><div class=\"uagb-container-inner-blocks-wrap\">\n<div class=\"wp-block-uagb-advanced-heading uagb-block-a6c3fa92\"><h2 class=\"uagb-heading-text\">Planlegg en uforglemmelig opplevelse i Nevelo Quality Villas i dag!<\/h2><\/div>\n\n\n\n<div class=\"wp-block-uagb-icon-list uagb-block-9a2d7411\"><div class=\"uagb-icon-list__wrap\">\n<div class=\"wp-block-uagb-icon-list-child uagb-block-d05e6582\"><span class=\"uagb-icon-list__label\"><strong>+30 &#8211; 697 6622 083<\/strong><br><br>\u200b<strong>+47 &#8211; 45 48 49 21<\/strong><\/span><\/div>\n<\/div><\/div>\n<\/div><\/div>\n\n\n\n<div class=\"wp-block-uagb-icon-list uagb-block-b8f86c6b\"><div class=\"uagb-icon-list__wrap\">\n<div class=\"wp-block-uagb-icon-list-child uagb-block-d6403b70\"><span class=\"uagb-icon-list__source-wrap\"><svg xmlns=\"https:\/\/www.w3.org\/2000\/svg\" viewBox=\"0 0 512 512\"><path d=\"M256 0C114.6 0 0 114.6 0 256c0 141.4 114.6 256 256 256s256-114.6 256-256C512 114.6 397.4 0 256 0zM406.6 278.6l-103.1 103.1c-12.5 12.5-32.75 12.5-45.25 0s-12.5-32.75 0-45.25L306.8 288H128C110.3 288 96 273.7 96 256s14.31-32 32-32h178.8l-49.38-49.38c-12.5-12.5-12.5-32.75 0-45.25s32.75-12.5 45.25 0l103.1 103.1C414.6 241.3 416 251.1 416 256C416 260.9 414.6 270.7 406.6 278.6z\"><\/path><\/svg><\/span><span class=\"uagb-icon-list__label\">List item<\/span><\/div>\n\n\n\n<div class=\"wp-block-uagb-icon-list-child uagb-block-7a8740fd\"><span class=\"uagb-icon-list__source-wrap\"><svg xmlns=\"https:\/\/www.w3.org\/2000\/svg\" viewBox=\"0 0 512 512\"><path d=\"M256 0C114.6 0 0 114.6 0 256c0 141.4 114.6 256 256 256s256-114.6 256-256C512 114.6 397.4 0 256 0zM406.6 278.6l-103.1 103.1c-12.5 12.5-32.75 12.5-45.25 0s-12.5-32.75 0-45.25L306.8 288H128C110.3 288 96 273.7 96 256s14.31-32 32-32h178.8l-49.38-49.38c-12.5-12.5-12.5-32.75 0-45.25s32.75-12.5 45.25 0l103.1 103.1C414.6 241.3 416 251.1 416 256C416 260.9 414.6 270.7 406.6 278.6z\"><\/path><\/svg><\/span><span class=\"uagb-icon-list__label\">List item<\/span><\/div>\n\n\n\n<div class=\"wp-block-uagb-icon-list-child uagb-block-be93b98e\"><span class=\"uagb-icon-list__source-wrap\"><svg xmlns=\"https:\/\/www.w3.org\/2000\/svg\" viewBox=\"0 0 512 512\"><path d=\"M256 0C114.6 0 0 114.6 0 256c0 141.4 114.6 256 256 256s256-114.6 256-256C512 114.6 397.4 0 256 0zM406.6 278.6l-103.1 103.1c-12.5 12.5-32.75 12.5-45.25 0s-12.5-32.75 0-45.25L306.8 288H128C110.3 288 96 273.7 96 256s14.31-32 32-32h178.8l-49.38-49.38c-12.5-12.5-12.5-32.75 0-45.25s32.75-12.5 45.25 0l103.1 103.1C414.6 241.3 416 251.1 416 256C416 260.9 414.6 270.7 406.6 278.6z\"><\/path><\/svg><\/span><span class=\"uagb-icon-list__label\">List item<\/span><\/div>\n<\/div><\/div>\n","protected":false},"excerpt":{"rendered":"<p>Baderom: Kj\u00f8kken: Utend\u00f8rs fasiliteter:<\/p>\n","protected":false},"author":1,"featured_media":0,"parent":0,"menu_order":0,"comment_status":"closed","ping_status":"closed","template":"","meta":{"_uag_custom_page_level_css":"","site-sidebar-layout":"no-sidebar","site-content-layout":"plain-container","ast-global-header-display":"","ast-main-header-display":"","ast-hfb-above-header-display":"","ast-hfb-below-header-display":"","ast-hfb-mobile-header-display":"","site-post-title":"disabled","ast-breadcrumbs-content":"","ast-featured-img":"disabled","footer-sml-layout":"","theme-transparent-header-meta":"enabled","adv-header-id-meta":"","stick-header-meta":"","header-above-stick-meta":"","header-main-stick-meta":"","header-below-stick-meta":"","footnotes":""},"class_list":["post-1275","page","type-page","status-publish","hentry"],"uagb_featured_image_src":{"full":false,"thumbnail":false,"medium":false,"medium_large":false,"large":false,"1536x1536":false,"2048x2048":false},"uagb_author_info":{"display_name":"admin","author_link":"https:\/\/nevelo-qualityvillas.com\/?author=1"},"uagb_comment_info":0,"uagb_excerpt":"Baderom: Kj\u00f8kken: Utend\u00f8rs fasiliteter:","_links":{"self":[{"href":"https:\/\/nevelo-qualityvillas.com\/index.php?rest_route=\/wp\/v2\/pages\/1275","targetHints":{"allow":["GET"]}}],"collection":[{"href":"https:\/\/nevelo-qualityvillas.com\/index.php?rest_route=\/wp\/v2\/pages"}],"about":[{"href":"https:\/\/nevelo-qualityvillas.com\/index.php?rest_route=\/wp\/v2\/types\/page"}],"author":[{"embeddable":true,"href":"https:\/\/nevelo-qualityvillas.com\/index.php?rest_route=\/wp\/v2\/users\/1"}],"replies":[{"embeddable":true,"href":"https:\/\/nevelo-qualityvillas.com\/index.php?rest_route=%2Fwp%2Fv2%2Fcomments&post=1275"}],"version-history":[{"count":14,"href":"https:\/\/nevelo-qualityvillas.com\/index.php?rest_route=\/wp\/v2\/pages\/1275\/revisions"}],"predecessor-version":[{"id":1742,"href":"https:\/\/nevelo-qualityvillas.com\/index.php?rest_route=\/wp\/v2\/pages\/1275\/revisions\/1742"}],"wp:attachment":[{"href":"https:\/\/nevelo-qualityvillas.com\/index.php?rest_route=%2Fwp%2Fv2%2Fmedia&parent=1275"}],"curies":[{"name":"wp","href":"https:\/\/api.w.org\/{rel}","templated":true}]}}