{"id":1267,"date":"2023-02-09T12:04:18","date_gmt":"2023-02-09T12:04:18","guid":{"rendered":"https:\/\/nevelo-qualityvillas.com\/?page_id=1267"},"modified":"2023-04-16T12:31:20","modified_gmt":"2023-04-16T12:31:20","slug":"nyttig","status":"publish","type":"page","link":"https:\/\/nevelo-qualityvillas.com\/?page_id=1267&lang=nb","title":{"rendered":"Nyttig"},"content":{"rendered":"\n<p class=\"has-link-color wp-elements-43f47a16e7406b967c18b2c729fb3143\">\u00c5 finne landsbyen Gerani og Nevelo Quality Villas er relativt enkelt, enten du ankommer Kreta med fly eller b\u00e5t. Bruk lenken v\u00e5r for veibeskrivelse og n\u00f8yaktig plassering.<\/p>\n\n\n\n<div class=\"wp-block-buttons is-layout-flex wp-block-buttons-is-layout-flex\">\n<div class=\"wp-block-button\"><a class=\"wp-block-button__link wp-element-button\" href=\"https:\/\/nevelo-qualityvillas.com\/?page_id=1334&amp;lang=nb\" target=\"_blank\" rel=\"noreferrer noopener\">veibeskrivelse<\/a><\/div>\n<\/div>\n\n\n\n<p><\/p>\n\n\n\n<p>Videoer av Kreta og gjestfriheten du vil motta med et humoristisk preg<\/p>\n\n\n\n<div class=\"wp-block-buttons is-layout-flex wp-block-buttons-is-layout-flex\">\n<div class=\"wp-block-button\"><a class=\"wp-block-button__link wp-element-button\" href=\"https:\/\/nevelo-qualityvillas.com\/?page_id=1075\">VIDEOer<\/a><\/div>\n<\/div>\n\n\n\n<p><\/p>\n\n\n\n<p class=\"has-ast-global-color-0-color has-text-color\">Sjekk v\u00e6rmeldingen og planlegg dagen din!<\/p>\n\n\n\n<div class=\"wp-block-buttons is-layout-flex wp-block-buttons-is-layout-flex\">\n<div class=\"wp-block-button\"><a class=\"wp-block-button__link wp-element-button\" href=\"https:\/\/nevelo-qualityvillas.com\/?page_id=1338&amp;lang=nb\" target=\"_blank\" rel=\"noreferrer noopener\">V\u00e6ret<\/a><\/div>\n<\/div>\n","protected":false},"excerpt":{"rendered":"<p>\u00c5 finne landsbyen Gerani og Nevelo Quality Villas er relativt enkelt, enten du ankommer Kreta med fly eller b\u00e5t. Bruk lenken v\u00e5r for veibeskrivelse og n\u00f8yaktig plassering. Videoer av Kreta og gjestfriheten du vil motta med et humoristisk preg Sjekk v\u00e6rmeldingen og planlegg dagen din!<\/p>\n","protected":false},"author":1,"featured_media":0,"parent":0,"menu_order":0,"comment_status":"closed","ping_status":"closed","template":"","meta":{"_uag_custom_page_level_css":"","site-sidebar-layout":"default","site-content-layout":"default","ast-global-header-display":"","ast-main-header-display":"","ast-hfb-above-header-display":"","ast-hfb-below-header-display":"","ast-hfb-mobile-header-display":"","site-post-title":"disabled","ast-breadcrumbs-content":"","ast-featured-img":"","footer-sml-layout":"","theme-transparent-header-meta":"","adv-header-id-meta":"","stick-header-meta":"","header-above-stick-meta":"","header-main-stick-meta":"","header-below-stick-meta":"","footnotes":""},"class_list":["post-1267","page","type-page","status-publish","hentry"],"uagb_featured_image_src":{"full":false,"thumbnail":false,"medium":false,"medium_large":false,"large":false,"1536x1536":false,"2048x2048":false},"uagb_author_info":{"display_name":"admin","author_link":"https:\/\/nevelo-qualityvillas.com\/?author=1"},"uagb_comment_info":0,"uagb_excerpt":"\u00c5 finne landsbyen Gerani og Nevelo Quality Villas er relativt enkelt, enten du ankommer Kreta med fly eller b\u00e5t. Bruk lenken v\u00e5r for veibeskrivelse og n\u00f8yaktig plassering. Videoer av Kreta og gjestfriheten du vil motta med et humoristisk preg Sjekk v\u00e6rmeldingen og planlegg dagen din!","_links":{"self":[{"href":"https:\/\/nevelo-qualityvillas.com\/index.php?rest_route=\/wp\/v2\/pages\/1267","targetHints":{"allow":["GET"]}}],"collection":[{"href":"https:\/\/nevelo-qualityvillas.com\/index.php?rest_route=\/wp\/v2\/pages"}],"about":[{"href":"https:\/\/nevelo-qualityvillas.com\/index.php?rest_route=\/wp\/v2\/types\/page"}],"author":[{"embeddable":true,"href":"https:\/\/nevelo-qualityvillas.com\/index.php?rest_route=\/wp\/v2\/users\/1"}],"replies":[{"embeddable":true,"href":"https:\/\/nevelo-qualityvillas.com\/index.php?rest_route=%2Fwp%2Fv2%2Fcomments&post=1267"}],"version-history":[{"count":3,"href":"https:\/\/nevelo-qualityvillas.com\/index.php?rest_route=\/wp\/v2\/pages\/1267\/revisions"}],"predecessor-version":[{"id":1350,"href":"https:\/\/nevelo-qualityvillas.com\/index.php?rest_route=\/wp\/v2\/pages\/1267\/revisions\/1350"}],"wp:attachment":[{"href":"https:\/\/nevelo-qualityvillas.com\/index.php?rest_route=%2Fwp%2Fv2%2Fmedia&parent=1267"}],"curies":[{"name":"wp","href":"https:\/\/api.w.org\/{rel}","templated":true}]}}