{"id":1259,"date":"2021-05-12T05:15:06","date_gmt":"2021-05-12T05:15:06","guid":{"rendered":"https:\/\/nevelo-qualityvillas.com\/?page_id=1259"},"modified":"2024-11-06T17:07:36","modified_gmt":"2024-11-06T17:07:36","slug":"hjem","status":"publish","type":"page","link":"https:\/\/nevelo-qualityvillas.com\/?page_id=1259&lang=nb","title":{"rendered":"Hjem"},"content":{"rendered":"\n<div class=\"wp-block-uagb-container uag-blocks-common-selector uagb-block-31b9fb37 alignfull uagb-is-root-container\">\n<div class=\"wp-block-uagb-info-box uagb-block-7bb4ed0c uagb-infobox__content-wrap  uagb-infobox-icon-above-title uagb-infobox-image-valign-top\"><div class=\"uagb-ifb-content\"><div class=\"uagb-ifb-title-wrap\"><h1 class=\"uagb-ifb-title\">The Perfect Quality Villas p\u00e5 Kreta\u200b<\/h1><\/div><p class=\"uagb-ifb-desc\">Hvis du er ute etter en perfekt ferieopplevelse med fine minner, da er du p\u00e5 det rette sted. La oss begynne \u00e5 planlegge oppholdet ditt.<\/p><div class=\"uagb-ifb-button-wrapper wp-block-button\"><a href=\"https:\/\/nevelo-qualityvillas.com\/?page_id=1263&amp;lang=nb\" class=\"uagb-infobox-cta-link wp-block-button__link\" target=\"_blank\" rel=\"noopener noreferrer\" alt=\"\"><span class=\"uagb-inline-editing\">kontakt oss<\/span><\/a><\/div><\/div><\/div>\n\n\n\n<div class=\"wp-block-uagb-container uagb-block-d2bc568a\">\n<div class=\"wp-block-uagb-container uagb-block-94c88e17\">\n<div class=\"wp-block-uagb-container uagb-block-83171ea2\">\n<div class=\"wp-block-uagb-container uagb-block-c47c8ac9\">\n<div class=\"wp-block-columns is-layout-flex wp-container-core-columns-is-layout-28f84493 wp-block-columns-is-layout-flex\">\n<div class=\"wp-block-column is-layout-flow wp-block-column-is-layout-flow\" style=\"flex-basis:33.34%\">\n<p><\/p>\n\n\n\n<p class=\"has-ast-global-color-5-color has-text-color has-link-color wp-elements-9cb2d4c7071f3d568a09e1139954c20c\" style=\"font-size:15px\"><strong>For direkte kontakt ring eller tekst oss p\u00e5:<\/strong> <strong>Telefon\/Viber\/WhatsApp: +30 6976622083<\/strong><\/p>\n<\/div>\n\n\n\n<div class=\"wp-block-column is-layout-flow wp-block-column-is-layout-flow\" style=\"flex-basis:33.34%\"><\/div>\n\n\n\n<div class=\"wp-block-column is-layout-flow wp-block-column-is-layout-flow\" style=\"flex-basis:33.33%\"><\/div>\n<\/div>\n<\/div>\n<\/div>\n<\/div>\n<\/div>\n<\/div>\n\n\n\n<div class=\"wp-block-columns is-layout-flex wp-container-core-columns-is-layout-28f84493 wp-block-columns-is-layout-flex\">\n<div class=\"wp-block-column is-layout-flow wp-block-column-is-layout-flow\" style=\"flex-basis:70.1%\">\n<div class=\"wp-block-uagb-info-box uagb-block-f6554928 uagb-infobox__content-wrap  uagb-infobox-icon-above-title uagb-infobox-image-valign-top\"><div class=\"uagb-ifb-content\"><div class=\"uagb-ifb-title-wrap\"><h3 class=\"uagb-ifb-title\"><strong> <\/strong>Velkommen til Gerani og<strong> <\/strong>Nevelo Quality Villas.<\/h3><\/div><p class=\"uagb-ifb-desc\">Velkommen til landsbyen Gerani og v\u00e5re Nevelo Quality Villas.<br><br>Et kompleks av fire moderne designa villaer, med fokus p\u00e5 \u00e5 gi v\u00e5re kunder et uforglemmelig opphold av h\u00f8y kvalitet. <br>Nevelo Quality Villas har en ideell beliggenhet og har gangavstand b\u00e5de til sj\u00f8en og landsbyen Gerani.<br><br>Med totalt 4 soverom, to bad og en stor veranda med utsikt over Kretahavet en stue, et kj\u00f8kken,  sv\u00f8mmebasseng med solrike sitteomr\u00e5der, hver villa er fullt utstyrt og kan ha totalt opptil 8 gjester.<\/p><\/div><\/div>\n<\/div>\n\n\n\n<div class=\"wp-block-column is-layout-flow wp-block-column-is-layout-flow\" style=\"flex-basis:30%\"><\/div>\n<\/div>\n\n\n\n<div class=\"wp-block-uagb-container uagb-block-b2a297aa alignfull uagb-is-root-container\"><div class=\"uagb-container-inner-blocks-wrap\">\n<a class=\"weatherwidget-io\" href=\"https:\/\/forecast7.com\/en\/35d3624d48\/rethimno\/\" data-label_1=\"RETHYMNON\" data-label_2=\"WEATHER\" >RETHYMNON WEATHER<\/a>\n<script>\n!function(d,s,id){var js,fjs=d.getElementsByTagName(s)[0];if(!d.getElementById(id)){js=d.createElement(s);js.id=id;js.src='https:\/\/weatherwidget.io\/js\/widget.min.js';fjs.parentNode.insertBefore(js,fjs);}}(document,'script','weatherwidget-io-js');\n<\/script>\n<\/div><\/div>\n\n\n\n<div class=\"wp-block-uagb-container uagb-block-76ad0149 alignfull uagb-is-root-container\"><div class=\"uagb-container-inner-blocks-wrap\">\n<div class=\"wp-block-uagb-container uagb-block-0fbfee15\">\n<div class=\"wp-block-uagb-advanced-heading uagb-block-fc3cd271\"><h2 class=\"uagb-heading-text\">Fasiliteter<\/h2><p class=\"uagb-desc-text\">Hvis du er ute etter en avslappende, forfriskende og foryngende opplevelse, tilbyr vi alt dette under ett tak.<\/p><\/div>\n\n\n\n<div class=\"wp-block-uagb-buttons uagb-buttons__outer-wrap uagb-btn__default-btn uagb-btn-tablet__default-btn uagb-btn-mobile__default-btn uagb-block-4619236a\"><div class=\"uagb-buttons__wrap uagb-buttons-layout-wrap\">\n<div class=\"wp-block-uagb-buttons-child uagb-buttons__outer-wrap uagb-block-e6b53ce0 wp-block-button is-style-outline\"><div class=\"uagb-button__wrapper\"><a class=\"uagb-buttons-repeater wp-block-button__link\" href=\"https:\/\/nevelo-qualityvillas.com\/?page_id=1275&amp;lang=nb\" onclick=\"return true;\" rel=\"follow noopener\" target=\"_self\"><div class=\"uagb-button__link\">se alle<\/div><\/a><\/div><\/div>\n<\/div><\/div>\n<\/div>\n<\/div><\/div>\n\n\n\n<div class=\"wp-block-uagb-container uagb-block-c902d149 alignfull uagb-is-root-container\"><div class=\"uagb-container-inner-blocks-wrap\">\n<div class=\"wp-block-uagb-container uagb-block-26d7556f\">\n<h2 class=\"wp-block-heading\">Galleri<\/h2>\n\n\n\n<p>Siden prosjektet fortsatt er under bygging, viser vi 3D-tegninger av villaene. Tegningene av bygget, brukte materialer og m\u00f8bler er s\u00e5 n\u00e6rt opp mot forventet resultat som mulig.<\/p>\n\n\n\n<div class=\"wp-block-buttons is-layout-flex wp-block-buttons-is-layout-flex\">\n<div class=\"wp-block-button\"><a class=\"wp-block-button__link wp-element-button\" href=\"https:\/\/nevelo-qualityvillas.com\/?page_id=1234&amp;lang=nb\">galleri<\/a><\/div>\n<\/div>\n\n\n\n<div class=\"wp-block-buttons is-content-justification-right is-layout-flex wp-container-core-buttons-is-layout-d445cf74 wp-block-buttons-is-layout-flex\"><\/div>\n<\/div>\n\n\n\n<div class=\"wp-block-uagb-container uagb-block-b51e696c\"><\/div>\n<\/div><\/div>\n\n\n\n<h2 class=\"wp-block-heading\">Nyttig<\/h2>\n\n\n\n<p>N\u00e5r du tenker p\u00e5 det tradisjonelle Hellas, tenker vi p\u00e5 Gerani, landsbyen, trange gater, hvitkalkede hus og oliven lunder rundt. Det er en ekte smak av det lokale livet i de koselige tavernaene og landsby butikkene, men hvis du har lyst p\u00e5 litt sol og sand, er stranden rett nede i veien.<\/p>\n\n\n\n<p>Og i n\u00e6rheten har vi Rethymno by, en av de best bevarte middelalderbyene i Hellas og en av de vakreste byene p\u00e5 Kreta.<\/p>\n\n\n\n<p>For mer informasjon om Gerani, hvor du finner oss, Rethymno og Kreta vennligst bruk lenken nedenfor.<\/p>\n\n\n\n<div class=\"wp-block-buttons is-layout-flex wp-block-buttons-is-layout-flex\">\n<div class=\"wp-block-button\"><a class=\"wp-block-button__link wp-element-button\" href=\"https:\/\/nevelo-qualityvillas.com\/?page_id=1267&amp;lang=el\">trykk her<\/a><\/div>\n<\/div>\n\n\n\n<p><\/p>\n\n\n\n<div class=\"wp-block-uagb-container uagb-block-79f3e933 alignfull uagb-is-root-container\"><div class=\"uagb-container-inner-blocks-wrap\">\n<div class=\"wp-block-uagb-advanced-heading uagb-block-a0cfc386\"><h2 class=\"uagb-heading-text\">Planlegg en uforglemmelig opplevelse i Nevelo Quality Villas i dag!<\/h2><\/div>\n\n\n\n<div class=\"wp-block-columns is-layout-flex wp-container-core-columns-is-layout-28f84493 wp-block-columns-is-layout-flex\">\n<div class=\"wp-block-column is-layout-flow wp-block-column-is-layout-flow\" style=\"flex-basis:100%\">\n<div class=\"wp-block-buttons is-content-justification-center is-layout-flex wp-container-core-buttons-is-layout-72caf8c6 wp-block-buttons-is-layout-flex\"><\/div>\n<\/div>\n<\/div>\n\n\n\n<div class=\"wp-block-uagb-icon-list uagb-block-a6e9ba30\"><div class=\"uagb-icon-list__wrap\">\n<div class=\"wp-block-uagb-icon-list-child uagb-block-e7d92e50\"><span class=\"uagb-icon-list__source-wrap\"><svg xmlns=\"https:\/\/www.w3.org\/2000\/svg\" viewBox=\"0 0 512 512\"><path d=\"M511.2 387l-23.25 100.8c-3.266 14.25-15.79 24.22-30.46 24.22C205.2 512 0 306.8 0 54.5c0-14.66 9.969-27.2 24.22-30.45l100.8-23.25C139.7-2.602 154.7 5.018 160.8 18.92l46.52 108.5c5.438 12.78 1.77 27.67-8.98 36.45L144.5 207.1c33.98 69.22 90.26 125.5 159.5 159.5l44.08-53.8c8.688-10.78 23.69-14.51 36.47-8.975l108.5 46.51C506.1 357.2 514.6 372.4 511.2 387z\"><\/path><\/svg><\/span><span class=\"uagb-icon-list__label\">+30 &#8211; 697 6622 083<\/span><\/div>\n\n\n\n<div class=\"wp-block-uagb-icon-list-child uagb-block-6b3f84a2\"><span class=\"uagb-icon-list__source-wrap\"><svg xmlns=\"https:\/\/www.w3.org\/2000\/svg\" viewBox=\"0 0 512 512\"><path d=\"M511.2 387l-23.25 100.8c-3.266 14.25-15.79 24.22-30.46 24.22C205.2 512 0 306.8 0 54.5c0-14.66 9.969-27.2 24.22-30.45l100.8-23.25C139.7-2.602 154.7 5.018 160.8 18.92l46.52 108.5c5.438 12.78 1.77 27.67-8.98 36.45L144.5 207.1c33.98 69.22 90.26 125.5 159.5 159.5l44.08-53.8c8.688-10.78 23.69-14.51 36.47-8.975l108.5 46.51C506.1 357.2 514.6 372.4 511.2 387z\"><\/path><\/svg><\/span><span class=\"uagb-icon-list__label\">+47 &#8211; 45 48 49 21<\/span><\/div>\n<\/div><\/div>\n<\/div><\/div>\n\n\n\n<p><\/p>\n","protected":false},"excerpt":{"rendered":"<p>Nyttig N\u00e5r du tenker p\u00e5 det tradisjonelle Hellas, tenker vi p\u00e5 Gerani, landsbyen, trange gater, hvitkalkede hus og oliven lunder rundt. Det er en ekte smak av det lokale livet i de koselige tavernaene og landsby butikkene, men hvis du har lyst p\u00e5 litt sol og sand, er stranden rett nede i veien. Og i &hellip;<\/p>\n<p class=\"read-more\"> <a class=\"\" href=\"https:\/\/nevelo-qualityvillas.com\/?page_id=1259&#038;lang=nb\"> <span class=\"screen-reader-text\">Hjem<\/span> Read More &raquo;<\/a><\/p>\n","protected":false},"author":1,"featured_media":0,"parent":0,"menu_order":0,"comment_status":"closed","ping_status":"closed","template":"","meta":{"_uag_custom_page_level_css":"","site-sidebar-layout":"default","site-content-layout":"default","ast-global-header-display":"","ast-main-header-display":"","ast-hfb-above-header-display":"","ast-hfb-below-header-display":"","ast-hfb-mobile-header-display":"","site-post-title":"disabled","ast-breadcrumbs-content":"","ast-featured-img":"","footer-sml-layout":"","theme-transparent-header-meta":"","adv-header-id-meta":"","stick-header-meta":"","header-above-stick-meta":"","header-main-stick-meta":"","header-below-stick-meta":"","footnotes":""},"class_list":["post-1259","page","type-page","status-publish","hentry"],"uagb_featured_image_src":{"full":false,"thumbnail":false,"medium":false,"medium_large":false,"large":false,"1536x1536":false,"2048x2048":false},"uagb_author_info":{"display_name":"admin","author_link":"https:\/\/nevelo-qualityvillas.com\/?author=1"},"uagb_comment_info":0,"uagb_excerpt":"Nyttig N\u00e5r du tenker p\u00e5 det tradisjonelle Hellas, tenker vi p\u00e5 Gerani, landsbyen, trange gater, hvitkalkede hus og oliven lunder rundt. Det er en ekte smak av det lokale livet i de koselige tavernaene og landsby butikkene, men hvis du har lyst p\u00e5 litt sol og sand, er stranden rett nede i veien. Og i&hellip;","_links":{"self":[{"href":"https:\/\/nevelo-qualityvillas.com\/index.php?rest_route=\/wp\/v2\/pages\/1259","targetHints":{"allow":["GET"]}}],"collection":[{"href":"https:\/\/nevelo-qualityvillas.com\/index.php?rest_route=\/wp\/v2\/pages"}],"about":[{"href":"https:\/\/nevelo-qualityvillas.com\/index.php?rest_route=\/wp\/v2\/types\/page"}],"author":[{"embeddable":true,"href":"https:\/\/nevelo-qualityvillas.com\/index.php?rest_route=\/wp\/v2\/users\/1"}],"replies":[{"embeddable":true,"href":"https:\/\/nevelo-qualityvillas.com\/index.php?rest_route=%2Fwp%2Fv2%2Fcomments&post=1259"}],"version-history":[{"count":21,"href":"https:\/\/nevelo-qualityvillas.com\/index.php?rest_route=\/wp\/v2\/pages\/1259\/revisions"}],"predecessor-version":[{"id":1747,"href":"https:\/\/nevelo-qualityvillas.com\/index.php?rest_route=\/wp\/v2\/pages\/1259\/revisions\/1747"}],"wp:attachment":[{"href":"https:\/\/nevelo-qualityvillas.com\/index.php?rest_route=%2Fwp%2Fv2%2Fmedia&parent=1259"}],"curies":[{"name":"wp","href":"https:\/\/api.w.org\/{rel}","templated":true}]}}