{"id":1234,"date":"2023-03-11T13:20:06","date_gmt":"2023-03-11T13:20:06","guid":{"rendered":"https:\/\/nevelo-qualityvillas.com\/?page_id=1234"},"modified":"2023-04-16T10:20:13","modified_gmt":"2023-04-16T10:20:13","slug":"galleri","status":"publish","type":"page","link":"https:\/\/nevelo-qualityvillas.com\/?page_id=1234&lang=nb","title":{"rendered":"Galleri"},"content":{"rendered":"\n<div class=\"wp-block-uagb-container uagb-block-1f1fe881 alignfull uagb-is-root-container\"><div class=\"uagb-container-inner-blocks-wrap\">\n<div class=\"wp-block-uagb-advanced-heading uagb-block-393eb2c8\"><h1 class=\"uagb-heading-text\">Galleri<br><br><br><\/h1><p class=\"uagb-desc-text\">Hvis du leter etter et hjem borte fra hjemmet, er det bare \u00e5 komme til oss. Du kan f\u00e5 begge deler, en utrolig og avslappende opplevelse mens du er p\u00e5 ferie. Ta en n\u00e6rmere titt p\u00e5 villaene vi tilbyr.<\/p><\/div>\n<\/div><\/div>\n\n\n\n<div class=\"wp-block-uagb-advanced-heading uagb-block-731679be\"><h2 class=\"uagb-heading-text\">Ta dine ferie hos oss.\u200b<\/h2><p class=\"uagb-desc-text\">Bestill ferie i en av v\u00e5re villaer og opplev det nydelige interi\u00f8ret, supplert med moderne fasiliteter for et komfortabelt opphold.<\/p><\/div>\n\n\n\n<div class=\"wp-block-buttons is-layout-flex wp-block-buttons-is-layout-flex\">\n<div class=\"wp-block-button\"><a class=\"wp-block-button__link wp-element-button\" href=\"https:\/\/nevelo-qualityvillas.com\/?page_id=1231&amp;lang=nb\">exteri\u00f8r<\/a><\/div>\n<\/div>\n\n\n\n<p><\/p>\n\n\n\n<div class=\"wp-block-buttons is-layout-flex wp-block-buttons-is-layout-flex\">\n<div class=\"wp-block-button\"><a class=\"wp-block-button__link wp-element-button\" href=\"https:\/\/nevelo-qualityvillas.com\/?page_id=1236&amp;lang=nb\">interi\u00f8r<\/a><\/div>\n<\/div>\n\n\n\n<p><\/p>\n\n\n\n<div class=\"wp-block-buttons is-layout-flex wp-block-buttons-is-layout-flex\">\n<div class=\"wp-block-button\"><a class=\"wp-block-button__link wp-element-button\" href=\"https:\/\/nevelo-qualityvillas.com\/?page_id=1247&amp;lang=nb\">rom<\/a><\/div>\n<\/div>\n\n\n\n<p><\/p>\n","protected":false},"excerpt":{"rendered":"","protected":false},"author":1,"featured_media":0,"parent":0,"menu_order":0,"comment_status":"closed","ping_status":"closed","template":"","meta":{"_uag_custom_page_level_css":"","site-sidebar-layout":"default","site-content-layout":"default","ast-global-header-display":"","ast-main-header-display":"","ast-hfb-above-header-display":"","ast-hfb-below-header-display":"","ast-hfb-mobile-header-display":"","site-post-title":"disabled","ast-breadcrumbs-content":"","ast-featured-img":"","footer-sml-layout":"","theme-transparent-header-meta":"","adv-header-id-meta":"","stick-header-meta":"","header-above-stick-meta":"","header-main-stick-meta":"","header-below-stick-meta":"","footnotes":""},"class_list":["post-1234","page","type-page","status-publish","hentry"],"uagb_featured_image_src":{"full":false,"thumbnail":false,"medium":false,"medium_large":false,"large":false,"1536x1536":false,"2048x2048":false},"uagb_author_info":{"display_name":"admin","author_link":"https:\/\/nevelo-qualityvillas.com\/?author=1"},"uagb_comment_info":0,"uagb_excerpt":null,"_links":{"self":[{"href":"https:\/\/nevelo-qualityvillas.com\/index.php?rest_route=\/wp\/v2\/pages\/1234","targetHints":{"allow":["GET"]}}],"collection":[{"href":"https:\/\/nevelo-qualityvillas.com\/index.php?rest_route=\/wp\/v2\/pages"}],"about":[{"href":"https:\/\/nevelo-qualityvillas.com\/index.php?rest_route=\/wp\/v2\/types\/page"}],"author":[{"embeddable":true,"href":"https:\/\/nevelo-qualityvillas.com\/index.php?rest_route=\/wp\/v2\/users\/1"}],"replies":[{"embeddable":true,"href":"https:\/\/nevelo-qualityvillas.com\/index.php?rest_route=%2Fwp%2Fv2%2Fcomments&post=1234"}],"version-history":[{"count":2,"href":"https:\/\/nevelo-qualityvillas.com\/index.php?rest_route=\/wp\/v2\/pages\/1234\/revisions"}],"predecessor-version":[{"id":1313,"href":"https:\/\/nevelo-qualityvillas.com\/index.php?rest_route=\/wp\/v2\/pages\/1234\/revisions\/1313"}],"wp:attachment":[{"href":"https:\/\/nevelo-qualityvillas.com\/index.php?rest_route=%2Fwp%2Fv2%2Fmedia&parent=1234"}],"curies":[{"name":"wp","href":"https:\/\/api.w.org\/{rel}","templated":true}]}}